{"id":1004,"date":"2024-08-29T15:45:33","date_gmt":"2024-08-29T13:45:33","guid":{"rendered":"https:\/\/www.clubafiroc.com\/politique-de-confidentialite\/"},"modified":"2026-02-24T16:44:48","modified_gmt":"2026-02-24T15:44:48","slug":"politique-de-confidentialite","status":"publish","type":"page","link":"https:\/\/www.clubafiroc.com\/en\/politique-de-confidentialite\/","title":{"rendered":"Confidentiality"},"content":{"rendered":"\n<div class=\"wp-block-group is-vertical is-layout-flex wp-container-core-group-is-layout-fe9cc265 wp-block-group-is-layout-flex\">\n<div class=\"wp-block-group is-vertical is-layout-flex wp-container-core-group-is-layout-fe9cc265 wp-block-group-is-layout-flex\">\n<div class=\"wp-block-group is-vertical is-layout-flex wp-container-core-group-is-layout-fe9cc265 wp-block-group-is-layout-flex\">\n<div class=\"wp-block-group is-vertical is-layout-flex wp-container-core-group-is-layout-fe9cc265 wp-block-group-is-layout-flex\">\n<h3 class=\"wp-block-heading\">Identity<\/h3>\n\n\n\n<div class=\"wp-block-group is-vertical is-layout-flex wp-container-core-group-is-layout-fe9cc265 wp-block-group-is-layout-flex\">\n<p>The website <a href=\"https:\/\/www.clubafiroc.com\/en\/\">https:\/\/www.clubafiroc.com\/<\/a> (hereinafter referred to as the \u201cSite\u201d) is published by Club Afiroc. <\/p>\n\n\n\n<p>This website is the property of CLUB AFIROC, a simplified joint-stock company with variable capital, registered under number 477 806 269 R.C.S. Paris, whose registered office is located at 13 rue Ni\u00e9pce, 75013 Paris, France.<\/p>\n\n\n\n<p><strong>CLUB AFIROC<\/strong><br>13 rue Ni\u00e9pce<br>75014 Paris \u2013 France<\/p>\n\n\n\n<p>Phone: +33 1 47 42 09 95<\/p>\n\n\n\n<p>Publication Director: Fr\u00e9d\u00e9ric Moisan<\/p>\n\n\n\n<p>Phone: +33 1 47 42 09 95<\/p>\n<\/div>\n<\/div>\n<\/div>\n\n\n\n<div class=\"wp-block-group is-vertical is-layout-flex wp-container-core-group-is-layout-fe9cc265 wp-block-group-is-layout-flex\">\n<h3 class=\"wp-block-heading\">Hosting<\/h3>\n\n\n\n<p>The Site is hosted by Club Afiroc.<\/p>\n\n\n\n<p>Une cha\u00eene anonymis\u00e9e cr\u00e9\u00e9e \u00e0 partir de votre adresse e-mail (\u00e9galement appel\u00e9e hash) peut \u00eatre envoy\u00e9e au service Gravatar pour v\u00e9rifier si vous utilisez ce dernier. Les clauses de confidentialit\u00e9 du service Gravatar sont disponibles ici&nbsp;: https:\/\/automattic.com\/privacy\/. Apr\u00e8s validation de votre commentaire, votre photo de profil sera visible publiquement \u00e0 cot\u00e9 de votre commentaire.<\/p>\n<\/div>\n\n\n\n<div class=\"wp-block-group is-vertical is-layout-flex wp-container-core-group-is-layout-fe9cc265 wp-block-group-is-layout-flex\">\n<h3 class=\"wp-block-heading\">Credits<\/h3>\n\n\n\n<p>This website was designed and developed by the web agency Images Cr\u00e9ations.<\/p>\n\n\n\n<p>Address: 67 rue Nicolas Appert, 44100 Nantes, France<br>Telephone: +33 2 40 50 77 66<br><a href=\"http:\/\/www.imagescreations.fr\">www.imagescreations.fr<\/a><\/p>\n<\/div>\n<\/div>\n<\/div>\n\n\n\n<div class=\"wp-block-group is-vertical is-layout-flex wp-container-core-group-is-layout-fe9cc265 wp-block-group-is-layout-flex\">\n<h2 class=\"wp-block-heading\">Terms of Use<\/h2>\n\n\n\n<div class=\"wp-block-group is-vertical is-layout-flex wp-container-core-group-is-layout-fe9cc265 wp-block-group-is-layout-flex\">\n<h3 class=\"wp-block-heading\">Purpose and quality of content<\/h3>\n\n\n\n<p>The purpose of this Site is to inform both professional and private users about the activities of CLUB AFIROC.<\/p>\n\n\n\n<p>Despite our constant efforts to publish and maintain reliable and verified content, some information may be inaccurate, incomplete, inappropriate, or erroneous. If this is the case, you may report it to us by sending a message via our contact form.<\/p>\n<\/div>\n\n\n\n<div class=\"wp-block-group is-vertical is-layout-flex wp-container-core-group-is-layout-fe9cc265 wp-block-group-is-layout-flex\">\n<h3 class=\"wp-block-heading\">Copyright<\/h3>\n\n\n\n<p>The texts, slogans, drawings, images, photographs, videos, animated sequences (with or without sound), and all works incorporated into the Site are the property of Club Afiroc or of third parties who have authorized Club Afiroc to use them. Logos, pictograms, icons, and graphic elements displayed on the Site are protected by copyright and by Article L.511-1 of the French Intellectual Property Code relating to the protection of registered designs.<\/p>\n\n\n\n<p>Reproductions of the Site and of the works reproduced therein on paper or electronic media are permitted provided they are strictly reserved for personal use, excluding any advertising and\/or commercial and\/or informational use, and provided they comply with the provisions of Article L.122-5 of the French Intellectual Property Code.<\/p>\n\n\n\n<p>Except as provided above, any reproduction, representation, use, or modification, by any process and on any medium whatsoever, of all or part of the Site or of any of the works that compose it, without prior authorization from Club Afiroc, is strictly prohibited and constitutes an infringement that may result in civil and\/or criminal proceedings and the payment of damages.<\/p>\n<\/div>\n\n\n\n<div class=\"wp-block-group is-vertical is-layout-flex wp-container-core-group-is-layout-fe9cc265 wp-block-group-is-layout-flex\">\n<h3 class=\"wp-block-heading\">Accessibility<\/h3>\n\n\n\n<p>Although Club Afiroc is not a public service, this Site has been designed to be accessible to the widest possible audience, including users with disabilities (visual, hearing, motor, dyslexia-related, etc.).<\/p>\n\n\n\n<p>This Site was developed in accordance with the main ergonomic and accessibility guidelines defined in the French General Accessibility Improvement Framework (RGAA) in force at the time of its creation. As the Site has not undergone a formal audit, full (100%) compliance cannot be guaranteed. If you experience any difficulty accessing or reading information, please inform us via the Site\u2019s contact form or by post. We will endeavor to provide the necessary information and, if needed, correct any accessibility issues as soon as possible.<\/p>\n<\/div>\n<\/div>\n\n\n\n<div class=\"wp-block-group is-vertical is-layout-flex wp-container-core-group-is-layout-fe9cc265 wp-block-group-is-layout-flex\">\n<h2 class=\"wp-block-heading\">Processing of users\u2019 personal data<\/h2>\n\n\n\n<div class=\"wp-block-group is-vertical is-layout-flex wp-container-core-group-is-layout-fe9cc265 wp-block-group-is-layout-flex\">\n<h3 class=\"wp-block-heading\">Security and confidentiality<\/h3>\n\n\n\n<p>We make every effort to ensure the security and confidentiality of our users\u2019 personal data: we collect only the data strictly necessary for the performance of specific and defined purposes; we restrict access to data to authorized and competent personnel; we delete data after use or when the retention period expires. We regularly review our privacy practices and policies and maintain physical and logical security measures (secure access, authentication, encrypted backups, firewalls, antivirus software, etc.).<\/p>\n<\/div>\n\n\n\n<div class=\"wp-block-group is-vertical is-layout-flex wp-container-core-group-is-layout-fe9cc265 wp-block-group-is-layout-flex\">\n<div class=\"wp-block-group is-vertical is-layout-flex wp-container-core-group-is-layout-fe9cc265 wp-block-group-is-layout-flex\">\n<h3 class=\"wp-block-heading\">Data collection and consent<\/h3>\n\n\n\n<p>The forms available on this Site collect personal data that are subject to computerized processing. Each form includes an unchecked checkbox (opt-in) allowing us to explicitly obtain your consent to collect and process your data.<\/p>\n\n\n\n<p>The data entered and stored in the Site\u2019s database enable us to identify your needs, forward your request to the appropriate contact person, and respond to you. Most requested data are optional; only mandatory fields (marked with an asterisk) are essential for processing your request. These data are never sold, transferred, or communicated to third parties and are retained for a maximum period of 12 months.<\/p>\n<\/div>\n<\/div>\n\n\n\n<div class=\"wp-block-group is-vertical is-layout-flex wp-container-core-group-is-layout-fe9cc265 wp-block-group-is-layout-flex\">\n<h3 class=\"wp-block-heading\">Access, modification, and deletion of data<\/h3>\n\n\n\n<p>In accordance with applicable legislation, you have the right to access, modify, rectify, and delete personal data concerning you by submitting your request via the Site\u2019s contact form or by post.<\/p>\n<\/div>\n<\/div>\n\n\n\n<div class=\"wp-block-group is-vertical is-layout-flex wp-container-core-group-is-layout-fe9cc265 wp-block-group-is-layout-flex\">\n<div class=\"wp-block-group is-vertical is-layout-flex wp-container-core-group-is-layout-fe9cc265 wp-block-group-is-layout-flex\">\n<h2 class=\"wp-block-heading\">Use of cookies<\/h2>\n\n\n\n<div class=\"wp-block-group is-vertical is-layout-flex wp-container-core-group-is-layout-fe9cc265 wp-block-group-is-layout-flex\">\n<p>A cookie is a tracker stored in each user\u2019s browser that enables the monitoring and analysis of browsing activity.<\/p>\n\n\n\n<p>In accordance with applicable legislation (GDPR), we request your consent to allow the placement of cookies via a modal window displayed during your first visit. In this window you can: accept all cookies, refuse all cookies, or individually configure each category of cookies to allow or refuse. You may modify these settings at any time by clicking the \u201cCookie Settings\u201d banner at the bottom of each page. The list of cookies used on this Site is available in this window.<\/p>\n<\/div>\n<\/div>\n<\/div>\n","protected":false},"excerpt":{"rendered":"<p>Identity The website https:\/\/www.clubafiroc.com\/ (hereinafter referred to as the \u201cSite\u201d) is published by Club Afiroc. This website is the property of CLUB AFIROC, a simplified joint-stock company with variable capital, registered under number 477 806 269 R.C.S. Paris, whose registered office is located at 13 rue Ni\u00e9pce, 75013 Paris, France. CLUB AFIROC13 rue Ni\u00e9pce75014 Paris [&hellip;]<\/p>\n","protected":false},"author":1,"featured_media":0,"parent":0,"menu_order":0,"comment_status":"closed","ping_status":"closed","template":"","meta":{"_acf_changed":false,"footnotes":""},"class_list":["post-1004","page","type-page","status-publish","hentry"],"acf":[],"yoast_head":"<!-- This site is optimized with the Yoast SEO plugin v26.9 - https:\/\/yoast.com\/product\/yoast-seo-wordpress\/ -->\n<title>Confidentiality | Club Afiroc<\/title>\n<meta name=\"description\" content=\"Identity The website https:\/\/www.clubafiroc.com\/ (hereinafter referred to as the \u201cSite\u201d) is published by Club Afiroc. This website is the property of CLUB\" \/>\n<meta name=\"robots\" content=\"index, follow, max-snippet:-1, max-image-preview:large, max-video-preview:-1\" \/>\n<link rel=\"canonical\" href=\"https:\/\/www.clubafiroc.com\/en\/politique-de-confidentialite\/\" \/>\n<meta property=\"og:locale\" content=\"en_US\" \/>\n<meta property=\"og:type\" content=\"article\" \/>\n<meta property=\"og:title\" content=\"Confidentiality | Club Afiroc\" \/>\n<meta property=\"og:description\" content=\"Identity The website https:\/\/www.clubafiroc.com\/ (hereinafter referred to as the \u201cSite\u201d) is published by Club Afiroc. This website is the property of CLUB\" \/>\n<meta property=\"og:url\" content=\"https:\/\/www.clubafiroc.com\/en\/politique-de-confidentialite\/\" \/>\n<meta property=\"og:site_name\" content=\"Club Afiroc\" \/>\n<meta property=\"article:modified_time\" content=\"2026-02-24T15:44:48+00:00\" \/>\n<meta property=\"og:image\" content=\"https:\/\/www.clubafiroc.com\/wp-content\/uploads\/cropped-favicon-afiroc.png\" \/>\n\t<meta property=\"og:image:width\" content=\"512\" \/>\n\t<meta property=\"og:image:height\" content=\"512\" \/>\n\t<meta property=\"og:image:type\" content=\"image\/png\" \/>\n<meta name=\"twitter:card\" content=\"summary_large_image\" \/>\n<meta name=\"twitter:label1\" content=\"Est. reading time\" \/>\n\t<meta name=\"twitter:data1\" content=\"5 minutes\" \/>\n<script type=\"application\/ld+json\" class=\"yoast-schema-graph\">{\"@context\":\"https:\/\/schema.org\",\"@graph\":[{\"@type\":\"WebPage\",\"@id\":\"https:\/\/www.clubafiroc.com\/en\/politique-de-confidentialite\/\",\"url\":\"https:\/\/www.clubafiroc.com\/en\/politique-de-confidentialite\/\",\"name\":\"Confidentiality | Club Afiroc\",\"isPartOf\":{\"@id\":\"https:\/\/www.clubafiroc.com\/#website\"},\"datePublished\":\"2024-08-29T13:45:33+00:00\",\"dateModified\":\"2026-02-24T15:44:48+00:00\",\"description\":\"Identity The website https:\/\/www.clubafiroc.com\/ (hereinafter referred to as the \u201cSite\u201d) is published by Club Afiroc. This website is the property of CLUB\",\"breadcrumb\":{\"@id\":\"https:\/\/www.clubafiroc.com\/en\/politique-de-confidentialite\/#breadcrumb\"},\"inLanguage\":\"en-US\",\"potentialAction\":[{\"@type\":\"ReadAction\",\"target\":[\"https:\/\/www.clubafiroc.com\/en\/politique-de-confidentialite\/\"]}]},{\"@type\":\"BreadcrumbList\",\"@id\":\"https:\/\/www.clubafiroc.com\/en\/politique-de-confidentialite\/#breadcrumb\",\"itemListElement\":[{\"@type\":\"ListItem\",\"position\":1,\"name\":\"Accueil\",\"item\":\"https:\/\/www.clubafiroc.com\/en\/\"},{\"@type\":\"ListItem\",\"position\":2,\"name\":\"Confidentiality\"}]},{\"@type\":\"WebSite\",\"@id\":\"https:\/\/www.clubafiroc.com\/#website\",\"url\":\"https:\/\/www.clubafiroc.com\/\",\"name\":\"Club Afiroc\",\"description\":\"\",\"publisher\":{\"@id\":\"https:\/\/www.clubafiroc.com\/#organization\"},\"potentialAction\":[{\"@type\":\"SearchAction\",\"target\":{\"@type\":\"EntryPoint\",\"urlTemplate\":\"https:\/\/www.clubafiroc.com\/?s={search_term_string}\"},\"query-input\":{\"@type\":\"PropertyValueSpecification\",\"valueRequired\":true,\"valueName\":\"search_term_string\"}}],\"inLanguage\":\"en-US\"},{\"@type\":\"Organization\",\"@id\":\"https:\/\/www.clubafiroc.com\/#organization\",\"name\":\"Club Afiroc\",\"url\":\"https:\/\/www.clubafiroc.com\/\",\"logo\":{\"@type\":\"ImageObject\",\"inLanguage\":\"en-US\",\"@id\":\"https:\/\/www.clubafiroc.com\/#\/schema\/logo\/image\/\",\"url\":\"https:\/\/www.clubafiroc.com\/wp-content\/uploads\/logo-club-afiroc.png\",\"contentUrl\":\"https:\/\/www.clubafiroc.com\/wp-content\/uploads\/logo-club-afiroc.png\",\"width\":375,\"height\":146,\"caption\":\"Club Afiroc\"},\"image\":{\"@id\":\"https:\/\/www.clubafiroc.com\/#\/schema\/logo\/image\/\"}}]}<\/script>\n<!-- \/ Yoast SEO plugin. -->","yoast_head_json":{"title":"Confidentiality | Club Afiroc","description":"Identity The website https:\/\/www.clubafiroc.com\/ (hereinafter referred to as the \u201cSite\u201d) is published by Club Afiroc. This website is the property of CLUB","robots":{"index":"index","follow":"follow","max-snippet":"max-snippet:-1","max-image-preview":"max-image-preview:large","max-video-preview":"max-video-preview:-1"},"canonical":"https:\/\/www.clubafiroc.com\/en\/politique-de-confidentialite\/","og_locale":"en_US","og_type":"article","og_title":"Confidentiality | Club Afiroc","og_description":"Identity The website https:\/\/www.clubafiroc.com\/ (hereinafter referred to as the \u201cSite\u201d) is published by Club Afiroc. This website is the property of CLUB","og_url":"https:\/\/www.clubafiroc.com\/en\/politique-de-confidentialite\/","og_site_name":"Club Afiroc","article_modified_time":"2026-02-24T15:44:48+00:00","og_image":[{"width":512,"height":512,"url":"https:\/\/www.clubafiroc.com\/wp-content\/uploads\/cropped-favicon-afiroc.png","type":"image\/png"}],"twitter_card":"summary_large_image","twitter_misc":{"Est. reading time":"5 minutes"},"schema":{"@context":"https:\/\/schema.org","@graph":[{"@type":"WebPage","@id":"https:\/\/www.clubafiroc.com\/en\/politique-de-confidentialite\/","url":"https:\/\/www.clubafiroc.com\/en\/politique-de-confidentialite\/","name":"Confidentiality | Club Afiroc","isPartOf":{"@id":"https:\/\/www.clubafiroc.com\/#website"},"datePublished":"2024-08-29T13:45:33+00:00","dateModified":"2026-02-24T15:44:48+00:00","description":"Identity The website https:\/\/www.clubafiroc.com\/ (hereinafter referred to as the \u201cSite\u201d) is published by Club Afiroc. This website is the property of CLUB","breadcrumb":{"@id":"https:\/\/www.clubafiroc.com\/en\/politique-de-confidentialite\/#breadcrumb"},"inLanguage":"en-US","potentialAction":[{"@type":"ReadAction","target":["https:\/\/www.clubafiroc.com\/en\/politique-de-confidentialite\/"]}]},{"@type":"BreadcrumbList","@id":"https:\/\/www.clubafiroc.com\/en\/politique-de-confidentialite\/#breadcrumb","itemListElement":[{"@type":"ListItem","position":1,"name":"Accueil","item":"https:\/\/www.clubafiroc.com\/en\/"},{"@type":"ListItem","position":2,"name":"Confidentiality"}]},{"@type":"WebSite","@id":"https:\/\/www.clubafiroc.com\/#website","url":"https:\/\/www.clubafiroc.com\/","name":"Club Afiroc","description":"","publisher":{"@id":"https:\/\/www.clubafiroc.com\/#organization"},"potentialAction":[{"@type":"SearchAction","target":{"@type":"EntryPoint","urlTemplate":"https:\/\/www.clubafiroc.com\/?s={search_term_string}"},"query-input":{"@type":"PropertyValueSpecification","valueRequired":true,"valueName":"search_term_string"}}],"inLanguage":"en-US"},{"@type":"Organization","@id":"https:\/\/www.clubafiroc.com\/#organization","name":"Club Afiroc","url":"https:\/\/www.clubafiroc.com\/","logo":{"@type":"ImageObject","inLanguage":"en-US","@id":"https:\/\/www.clubafiroc.com\/#\/schema\/logo\/image\/","url":"https:\/\/www.clubafiroc.com\/wp-content\/uploads\/logo-club-afiroc.png","contentUrl":"https:\/\/www.clubafiroc.com\/wp-content\/uploads\/logo-club-afiroc.png","width":375,"height":146,"caption":"Club Afiroc"},"image":{"@id":"https:\/\/www.clubafiroc.com\/#\/schema\/logo\/image\/"}}]}},"_links":{"self":[{"href":"https:\/\/www.clubafiroc.com\/en\/wp-json\/wp\/v2\/pages\/1004","targetHints":{"allow":["GET"]}}],"collection":[{"href":"https:\/\/www.clubafiroc.com\/en\/wp-json\/wp\/v2\/pages"}],"about":[{"href":"https:\/\/www.clubafiroc.com\/en\/wp-json\/wp\/v2\/types\/page"}],"author":[{"embeddable":true,"href":"https:\/\/www.clubafiroc.com\/en\/wp-json\/wp\/v2\/users\/1"}],"replies":[{"embeddable":true,"href":"https:\/\/www.clubafiroc.com\/en\/wp-json\/wp\/v2\/comments?post=1004"}],"version-history":[{"count":3,"href":"https:\/\/www.clubafiroc.com\/en\/wp-json\/wp\/v2\/pages\/1004\/revisions"}],"predecessor-version":[{"id":2397,"href":"https:\/\/www.clubafiroc.com\/en\/wp-json\/wp\/v2\/pages\/1004\/revisions\/2397"}],"wp:attachment":[{"href":"https:\/\/www.clubafiroc.com\/en\/wp-json\/wp\/v2\/media?parent=1004"}],"curies":[{"name":"wp","href":"https:\/\/api.w.org\/{rel}","templated":true}]}}